{"id":1118,"date":"2016-11-02T10:10:48","date_gmt":"2016-11-02T09:10:48","guid":{"rendered":"http:\/\/localhost\/en\/politica-de-cookies\/"},"modified":"2016-11-20T14:30:55","modified_gmt":"2016-11-20T13:30:55","slug":"cookies-policy","status":"publish","type":"page","link":"https:\/\/agromark.es\/en\/cookies-policy\/","title":{"rendered":"Cookies Policy"},"content":{"rendered":"<h2>\u00bfQu\u00e9 es una cookie?<\/h2>\n<p>Una cookie es un fichero que se descarga en su ordenador al acceder a determinadas p\u00e1ginas web. Las cookies permiten a una p\u00e1gina web, entre otras cosas, almacenar y recuperar informaci\u00f3n sobre los h\u00e1bitos de navegaci\u00f3n de un usuario o de su equipo y, dependiendo de la informaci\u00f3n que contengan y de la forma en que utilice su equipo, pueden utilizarse para reconocer al usuario.<\/p>\n<h2>\u00bfQu\u00e9 tipos de cookies utiliza www.agromark.es?<\/h2>\n<p>Seg\u00fan el plazo de tiempo que permanecen activas las cookies pueden ser:<\/p>\n<ul>\n<li><strong>Cookies de sesi\u00f3n<\/strong>: dise\u00f1adas para recabar y almacenar datos mientras el usuario accede a una p\u00e1gina web. Se suelen emplear para almacenar informaci\u00f3n que s\u00f3lo interesa conservar para la prestaci\u00f3n del servicio solicitado por el usuario en una sola ocasi\u00f3n (por ejemplo, una lista de productos adquiridos).<\/li>\n<li><strong>Cookies persistentes<\/strong>: Son un tipo de cookies por las que los datos siguen almacenados en el terminal y puede accederse a ellos y ser tratados durante un periodo definido. Tienen fecha de borrado. Se utilizan por ejemplo en el proceso de compra o registro para evitar tener que introducir nuestros datos constantemente.<\/li>\n<\/ul>\n<p>Seg\u00fan quien sea la entidad que gestione el equipo o dominio desde donde se env\u00edan las cookies y trate los datos que se obtengan, podemos distinguir:<\/p>\n<ul>\n<li>Cookies propias: Son aquellas que se env\u00edan al dispositivo del usuario gestionadas exclusivamente por nosotros para el mejor funcionamiento del sitio.<\/li>\n<li>Cookies de terceros: Son aquellas que se env\u00edan al dispositivo del usuario desde un equipo o dominio que no es gestionado por nosotros sino por otra entidad, que tratar\u00e1 los datos obtenidos.<\/li>\n<\/ul>\n<p><strong>Cuando navegue por www.agromark.es se pueden instalar en tu dispositivo las siguientes cookies:<\/strong><\/p>\n<ul>\n<li><strong>Cookies de registro<\/strong>: Cuando el usuario entra en nuestra web e inicia sesi\u00f3n se instala una cookie propia y temporal para que pueda navegar por su zona de usuario sin tener que introducir sus datos continuamente. Esta cookie desaparecer\u00e1 cuando cierre sesi\u00f3n.<\/li>\n<li><strong>Cookies de an\u00e1lisis<\/strong>: Sirven para estudiar el comportamiento de los usuarios de forma an\u00f3nima al navegar por nuestra web. As\u00ed podremos conocer los contenidos m\u00e1s vistos, el n\u00famero de visitantes, etc. Una informaci\u00f3n que utilizaremos para mejorar la experiencia de navegaci\u00f3n y optimizar nuestros servicios. Pueden ser propias pero tambi\u00e9n de terceros. Entre \u00e9stas \u00faltimas se encuentran las cookies de Google Analytics.<\/li>\n<li><strong>Cookies publicitarias de terceros<\/strong>: El objetivo es optimizar la exposici\u00f3n de anuncios publicitarios. Para gestionar estos servicios utilizamos la plataforma de Doubleclick de Google que almacena informaci\u00f3n sobre los anuncios que han sido mostrados a un usuario, los que le interesan y si visita la web del anunciante.<\/li>\n<\/ul>\n<h2>Configuraci\u00f3n, consulta y desactivaci\u00f3n de cookies<\/h2>\n<p>Usted puede permitir, bloquear o eliminar las cookies instaladas en su equipo mediante la configuraci\u00f3n de las opciones del navegador instalado en su ordenador:<\/p>\n<ul>\n<li><strong>Chrome<\/strong>, desde <a href=\"http:\/\/support.google.com\/chrome\/bin\/answer.py?hl=es&amp;answer=95647\" target=\"_blank\">http:\/\/support.google.com\/chrome\/bin\/answer.py?hl=es&amp;answer=95647<\/a><\/li>\n<li><strong>Safari<\/strong>, desde <a href=\"http:\/\/support.apple.com\/kb\/ph5042\" target=\"_blank\">http:\/\/support.apple.com\/kb\/ph5042<\/a><\/li>\n<li><strong>Explorer<\/strong>, desde <a href=\"http:\/\/windows.microsoft.com\/es-es\/windows7\/how-to-manage-cookies-in-internet-explorer-9\" target=\"_blank\">http:\/\/windows.microsoft.com\/es-es\/windows7\/how-to-manage-cookies-in-internet-explorer-9<\/a><\/li>\n<li><strong>Firefox<\/strong>, desde <a href=\"http:\/\/support.mozilla.org\/es\/kb\/habilitar-y-deshabilitar-cookies-que-los-sitios-we\" target=\"_blank\">http:\/\/support.mozilla.org\/es\/kb\/habilitar-y-deshabilitar-cookies-que-los-sitios-we<\/a><\/li>\n<\/ul>\n<p>Todo lo relativo a las <strong>cookies de Google<\/strong>, tanto anal\u00edticas como publicitarias, as\u00ed como su administraci\u00f3n y configuraci\u00f3n se puede consultar en:<\/p>\n<ul>\n<li><a href=\"http:\/\/www.google.es\/intl\/es\/policies\/technologies\/types\/\" target=\"_blank\">http:\/\/www.google.es\/intl\/es\/policies\/technologies\/types\/<\/a><\/li>\n<li><a href=\"http:\/\/www.google.es\/policies\/technologies\/ads\/\" target=\"_blank\">http:\/\/www.google.es\/policies\/technologies\/ads\/<\/a><\/li>\n<li><a href=\"https:\/\/developers.google.com\/analytics\/devguides\/collection\/analyticsjs\/cookie-usage\" target=\"_blank\">https:\/\/developers.google.com\/analytics\/devguides\/collection\/analyticsjs\/cookie-usage<\/a><\/li>\n<\/ul>\n<p>Si decide deshabilitar las Cookies no podremos ofrecerle algunos de nuestros servicios como, por ejemplo, permanecer identificado o mantener las compras en su carrito.<\/p>\n<h2>Actualizaci\u00f3n de cookies<\/h2>\n<p>Las cookies de <strong><a href=\"http:\/\/www.agromark.es\">www.agromark.es<\/a><\/strong> pueden ser actualizadas por lo que aconsejamos que revisen nuestra pol\u00edtica de forma peri\u00f3dica.<\/p>\n","protected":false},"excerpt":{"rendered":"<p>\u00bfQu\u00e9 es una cookie? Una cookie es un fichero que se descarga en su ordenador al acceder a determinadas p\u00e1ginas web. Las cookies permiten a una p\u00e1gina web, entre otras cosas, almacenar y recuperar informaci\u00f3n sobre los h\u00e1bitos de navegaci\u00f3n de un usuario o de su equipo y, dependiendo de la informaci\u00f3n que contengan y de la forma en que utilice su equipo, pueden utilizarse para reconocer al usuario. \u00bfQu\u00e9 tipos de cookies utiliza www.agromark.es? Seg\u00fan el plazo de tiempo que permanecen activas las cookies pueden ser: Cookies de sesi\u00f3n: dise\u00f1adas para recabar y almacenar datos mientras el usuario accede a una p\u00e1gina web. Se suelen emplear para almacenar informaci\u00f3n que s\u00f3lo interesa conservar para la prestaci\u00f3n del servicio solicitado por el usuario en una sola ocasi\u00f3n (por ejemplo, una lista de productos adquiridos). Cookies persistentes: Son un tipo de cookies por las que los datos siguen almacenados en el terminal y puede accederse a ellos y ser tratados durante un periodo definido. Tienen fecha de borrado. Se utilizan por ejemplo en el proceso de compra o registro para evitar tener que introducir nuestros datos constantemente. Seg\u00fan quien sea la entidad que gestione el equipo o dominio desde donde se env\u00edan las cookies y trate los datos que se obtengan, podemos distinguir: Cookies propias: Son aquellas que se env\u00edan al dispositivo del usuario gestionadas exclusivamente por nosotros para el mejor funcionamiento del sitio. Cookies de terceros: Son aquellas que se env\u00edan al dispositivo del usuario desde un equipo o dominio que no es gestionado por nosotros sino por otra entidad, que tratar\u00e1 los datos obtenidos. Cuando navegue por www.agromark.es se pueden instalar en tu dispositivo las siguientes cookies: Cookies de registro: Cuando el usuario entra en nuestra web e inicia sesi\u00f3n se instala una cookie propia y temporal para que pueda navegar por su zona de usuario sin tener que introducir sus datos continuamente. Esta cookie desaparecer\u00e1 cuando cierre sesi\u00f3n. Cookies de an\u00e1lisis: Sirven para estudiar el comportamiento de los usuarios de forma an\u00f3nima al navegar por nuestra web. As\u00ed podremos conocer los contenidos m\u00e1s vistos, el n\u00famero de visitantes, etc. Una informaci\u00f3n que utilizaremos para mejorar la experiencia de navegaci\u00f3n y optimizar nuestros servicios. Pueden ser propias pero tambi\u00e9n de terceros. Entre \u00e9stas \u00faltimas se encuentran las cookies de Google Analytics. Cookies publicitarias de terceros: El objetivo es optimizar la exposici\u00f3n de anuncios publicitarios. Para gestionar estos servicios utilizamos la plataforma de Doubleclick de Google que almacena informaci\u00f3n sobre los anuncios que han sido mostrados a un usuario, los que le interesan y si visita la web del anunciante. Configuraci\u00f3n, consulta y desactivaci\u00f3n de cookies Usted puede permitir, bloquear o eliminar las cookies instaladas en su equipo mediante la configuraci\u00f3n de las opciones del navegador instalado en su ordenador: Chrome, desde http:\/\/support.google.com\/chrome\/bin\/answer.py?hl=es&amp;answer=95647 Safari, desde http:\/\/support.apple.com\/kb\/ph5042 Explorer, desde http:\/\/windows.microsoft.com\/es-es\/windows7\/how-to-manage-cookies-in-internet-explorer-9 Firefox, desde http:\/\/support.mozilla.org\/es\/kb\/habilitar-y-deshabilitar-cookies-que-los-sitios-we Todo lo relativo a las cookies de Google, tanto anal\u00edticas como publicitarias, as\u00ed como su administraci\u00f3n y configuraci\u00f3n se puede consultar en: http:\/\/www.google.es\/intl\/es\/policies\/technologies\/types\/ http:\/\/www.google.es\/policies\/technologies\/ads\/ https:\/\/developers.google.com\/analytics\/devguides\/collection\/analyticsjs\/cookie-usage Si decide deshabilitar las Cookies no podremos ofrecerle algunos de nuestros servicios como, por ejemplo, permanecer identificado o mantener las compras en su [&hellip;]<\/p>\n","protected":false},"author":1,"featured_media":0,"parent":0,"menu_order":0,"comment_status":"closed","ping_status":"closed","template":"","meta":{"footnotes":""},"class_list":["post-1118","page","type-page","status-publish","hentry"],"yoast_head":"<!-- This site is optimized with the Yoast SEO plugin v27.4 - https:\/\/yoast.com\/product\/yoast-seo-wordpress\/ -->\n<title>Cookies Policy - Agromark<\/title>\n<meta name=\"robots\" content=\"index, follow, max-snippet:-1, max-image-preview:large, max-video-preview:-1\" \/>\n<link rel=\"canonical\" href=\"https:\/\/agromark.es\/en\/cookies-policy\/\" \/>\n<meta property=\"og:locale\" content=\"en_US\" \/>\n<meta property=\"og:type\" content=\"article\" \/>\n<meta property=\"og:title\" content=\"Cookies Policy - Agromark\" \/>\n<meta property=\"og:description\" content=\"\u00bfQu\u00e9 es una cookie? Una cookie es un fichero que se descarga en su ordenador al acceder a determinadas p\u00e1ginas web. Las cookies permiten a una p\u00e1gina web, entre otras cosas, almacenar y recuperar informaci\u00f3n sobre los h\u00e1bitos de navegaci\u00f3n de un usuario o de su equipo y, dependiendo de la informaci\u00f3n que contengan y de la forma en que utilice su equipo, pueden utilizarse para reconocer al usuario. \u00bfQu\u00e9 tipos de cookies utiliza www.agromark.es? Seg\u00fan el plazo de tiempo que permanecen activas las cookies pueden ser: Cookies de sesi\u00f3n: dise\u00f1adas para recabar y almacenar datos mientras el usuario accede a una p\u00e1gina web. Se suelen emplear para almacenar informaci\u00f3n que s\u00f3lo interesa conservar para la prestaci\u00f3n del servicio solicitado por el usuario en una sola ocasi\u00f3n (por ejemplo, una lista de productos adquiridos). Cookies persistentes: Son un tipo de cookies por las que los datos siguen almacenados en el terminal y puede accederse a ellos y ser tratados durante un periodo definido. Tienen fecha de borrado. Se utilizan por ejemplo en el proceso de compra o registro para evitar tener que introducir nuestros datos constantemente. Seg\u00fan quien sea la entidad que gestione el equipo o dominio desde donde se env\u00edan las cookies y trate los datos que se obtengan, podemos distinguir: Cookies propias: Son aquellas que se env\u00edan al dispositivo del usuario gestionadas exclusivamente por nosotros para el mejor funcionamiento del sitio. Cookies de terceros: Son aquellas que se env\u00edan al dispositivo del usuario desde un equipo o dominio que no es gestionado por nosotros sino por otra entidad, que tratar\u00e1 los datos obtenidos. Cuando navegue por www.agromark.es se pueden instalar en tu dispositivo las siguientes cookies: Cookies de registro: Cuando el usuario entra en nuestra web e inicia sesi\u00f3n se instala una cookie propia y temporal para que pueda navegar por su zona de usuario sin tener que introducir sus datos continuamente. Esta cookie desaparecer\u00e1 cuando cierre sesi\u00f3n. Cookies de an\u00e1lisis: Sirven para estudiar el comportamiento de los usuarios de forma an\u00f3nima al navegar por nuestra web. As\u00ed podremos conocer los contenidos m\u00e1s vistos, el n\u00famero de visitantes, etc. Una informaci\u00f3n que utilizaremos para mejorar la experiencia de navegaci\u00f3n y optimizar nuestros servicios. Pueden ser propias pero tambi\u00e9n de terceros. Entre \u00e9stas \u00faltimas se encuentran las cookies de Google Analytics. Cookies publicitarias de terceros: El objetivo es optimizar la exposici\u00f3n de anuncios publicitarios. Para gestionar estos servicios utilizamos la plataforma de Doubleclick de Google que almacena informaci\u00f3n sobre los anuncios que han sido mostrados a un usuario, los que le interesan y si visita la web del anunciante. Configuraci\u00f3n, consulta y desactivaci\u00f3n de cookies Usted puede permitir, bloquear o eliminar las cookies instaladas en su equipo mediante la configuraci\u00f3n de las opciones del navegador instalado en su ordenador: Chrome, desde http:\/\/support.google.com\/chrome\/bin\/answer.py?hl=es&amp;answer=95647 Safari, desde http:\/\/support.apple.com\/kb\/ph5042 Explorer, desde http:\/\/windows.microsoft.com\/es-es\/windows7\/how-to-manage-cookies-in-internet-explorer-9 Firefox, desde http:\/\/support.mozilla.org\/es\/kb\/habilitar-y-deshabilitar-cookies-que-los-sitios-we Todo lo relativo a las cookies de Google, tanto anal\u00edticas como publicitarias, as\u00ed como su administraci\u00f3n y configuraci\u00f3n se puede consultar en: http:\/\/www.google.es\/intl\/es\/policies\/technologies\/types\/ http:\/\/www.google.es\/policies\/technologies\/ads\/ https:\/\/developers.google.com\/analytics\/devguides\/collection\/analyticsjs\/cookie-usage Si decide deshabilitar las Cookies no podremos ofrecerle algunos de nuestros servicios como, por ejemplo, permanecer identificado o mantener las compras en su [&hellip;]\" \/>\n<meta property=\"og:url\" content=\"https:\/\/agromark.es\/en\/cookies-policy\/\" \/>\n<meta property=\"og:site_name\" content=\"Agromark\" \/>\n<meta property=\"article:modified_time\" content=\"2016-11-20T13:30:55+00:00\" \/>\n<meta name=\"twitter:card\" content=\"summary_large_image\" \/>\n<meta name=\"twitter:label1\" content=\"Est. reading time\" \/>\n\t<meta name=\"twitter:data1\" content=\"3 minutes\" \/>\n<script type=\"application\/ld+json\" class=\"yoast-schema-graph\">{\"@context\":\"https:\\\/\\\/schema.org\",\"@graph\":[{\"@type\":\"WebPage\",\"@id\":\"https:\\\/\\\/agromark.es\\\/en\\\/cookies-policy\\\/\",\"url\":\"https:\\\/\\\/agromark.es\\\/en\\\/cookies-policy\\\/\",\"name\":\"Cookies Policy - Agromark\",\"isPartOf\":{\"@id\":\"https:\\\/\\\/agromark.es\\\/#website\"},\"datePublished\":\"2016-11-02T09:10:48+00:00\",\"dateModified\":\"2016-11-20T13:30:55+00:00\",\"breadcrumb\":{\"@id\":\"https:\\\/\\\/agromark.es\\\/en\\\/cookies-policy\\\/#breadcrumb\"},\"inLanguage\":\"en-US\",\"potentialAction\":[{\"@type\":\"ReadAction\",\"target\":[\"https:\\\/\\\/agromark.es\\\/en\\\/cookies-policy\\\/\"]}]},{\"@type\":\"BreadcrumbList\",\"@id\":\"https:\\\/\\\/agromark.es\\\/en\\\/cookies-policy\\\/#breadcrumb\",\"itemListElement\":[{\"@type\":\"ListItem\",\"position\":1,\"name\":\"Portada\",\"item\":\"https:\\\/\\\/agromark.es\\\/en\\\/\"},{\"@type\":\"ListItem\",\"position\":2,\"name\":\"Cookies Policy\"}]},{\"@type\":\"WebSite\",\"@id\":\"https:\\\/\\\/agromark.es\\\/#website\",\"url\":\"https:\\\/\\\/agromark.es\\\/\",\"name\":\"Agromark\",\"description\":\"S\u00f3lo otro sitio de WordPress\",\"potentialAction\":[{\"@type\":\"SearchAction\",\"target\":{\"@type\":\"EntryPoint\",\"urlTemplate\":\"https:\\\/\\\/agromark.es\\\/?s={search_term_string}\"},\"query-input\":{\"@type\":\"PropertyValueSpecification\",\"valueRequired\":true,\"valueName\":\"search_term_string\"}}],\"inLanguage\":\"en-US\"}]}<\/script>\n<!-- \/ Yoast SEO plugin. -->","yoast_head_json":{"title":"Cookies Policy - Agromark","robots":{"index":"index","follow":"follow","max-snippet":"max-snippet:-1","max-image-preview":"max-image-preview:large","max-video-preview":"max-video-preview:-1"},"canonical":"https:\/\/agromark.es\/en\/cookies-policy\/","og_locale":"en_US","og_type":"article","og_title":"Cookies Policy - Agromark","og_description":"\u00bfQu\u00e9 es una cookie? Una cookie es un fichero que se descarga en su ordenador al acceder a determinadas p\u00e1ginas web. Las cookies permiten a una p\u00e1gina web, entre otras cosas, almacenar y recuperar informaci\u00f3n sobre los h\u00e1bitos de navegaci\u00f3n de un usuario o de su equipo y, dependiendo de la informaci\u00f3n que contengan y de la forma en que utilice su equipo, pueden utilizarse para reconocer al usuario. \u00bfQu\u00e9 tipos de cookies utiliza www.agromark.es? Seg\u00fan el plazo de tiempo que permanecen activas las cookies pueden ser: Cookies de sesi\u00f3n: dise\u00f1adas para recabar y almacenar datos mientras el usuario accede a una p\u00e1gina web. Se suelen emplear para almacenar informaci\u00f3n que s\u00f3lo interesa conservar para la prestaci\u00f3n del servicio solicitado por el usuario en una sola ocasi\u00f3n (por ejemplo, una lista de productos adquiridos). Cookies persistentes: Son un tipo de cookies por las que los datos siguen almacenados en el terminal y puede accederse a ellos y ser tratados durante un periodo definido. Tienen fecha de borrado. Se utilizan por ejemplo en el proceso de compra o registro para evitar tener que introducir nuestros datos constantemente. Seg\u00fan quien sea la entidad que gestione el equipo o dominio desde donde se env\u00edan las cookies y trate los datos que se obtengan, podemos distinguir: Cookies propias: Son aquellas que se env\u00edan al dispositivo del usuario gestionadas exclusivamente por nosotros para el mejor funcionamiento del sitio. Cookies de terceros: Son aquellas que se env\u00edan al dispositivo del usuario desde un equipo o dominio que no es gestionado por nosotros sino por otra entidad, que tratar\u00e1 los datos obtenidos. Cuando navegue por www.agromark.es se pueden instalar en tu dispositivo las siguientes cookies: Cookies de registro: Cuando el usuario entra en nuestra web e inicia sesi\u00f3n se instala una cookie propia y temporal para que pueda navegar por su zona de usuario sin tener que introducir sus datos continuamente. Esta cookie desaparecer\u00e1 cuando cierre sesi\u00f3n. Cookies de an\u00e1lisis: Sirven para estudiar el comportamiento de los usuarios de forma an\u00f3nima al navegar por nuestra web. As\u00ed podremos conocer los contenidos m\u00e1s vistos, el n\u00famero de visitantes, etc. Una informaci\u00f3n que utilizaremos para mejorar la experiencia de navegaci\u00f3n y optimizar nuestros servicios. Pueden ser propias pero tambi\u00e9n de terceros. Entre \u00e9stas \u00faltimas se encuentran las cookies de Google Analytics. Cookies publicitarias de terceros: El objetivo es optimizar la exposici\u00f3n de anuncios publicitarios. Para gestionar estos servicios utilizamos la plataforma de Doubleclick de Google que almacena informaci\u00f3n sobre los anuncios que han sido mostrados a un usuario, los que le interesan y si visita la web del anunciante. Configuraci\u00f3n, consulta y desactivaci\u00f3n de cookies Usted puede permitir, bloquear o eliminar las cookies instaladas en su equipo mediante la configuraci\u00f3n de las opciones del navegador instalado en su ordenador: Chrome, desde http:\/\/support.google.com\/chrome\/bin\/answer.py?hl=es&amp;answer=95647 Safari, desde http:\/\/support.apple.com\/kb\/ph5042 Explorer, desde http:\/\/windows.microsoft.com\/es-es\/windows7\/how-to-manage-cookies-in-internet-explorer-9 Firefox, desde http:\/\/support.mozilla.org\/es\/kb\/habilitar-y-deshabilitar-cookies-que-los-sitios-we Todo lo relativo a las cookies de Google, tanto anal\u00edticas como publicitarias, as\u00ed como su administraci\u00f3n y configuraci\u00f3n se puede consultar en: http:\/\/www.google.es\/intl\/es\/policies\/technologies\/types\/ http:\/\/www.google.es\/policies\/technologies\/ads\/ https:\/\/developers.google.com\/analytics\/devguides\/collection\/analyticsjs\/cookie-usage Si decide deshabilitar las Cookies no podremos ofrecerle algunos de nuestros servicios como, por ejemplo, permanecer identificado o mantener las compras en su [&hellip;]","og_url":"https:\/\/agromark.es\/en\/cookies-policy\/","og_site_name":"Agromark","article_modified_time":"2016-11-20T13:30:55+00:00","twitter_card":"summary_large_image","twitter_misc":{"Est. reading time":"3 minutes"},"schema":{"@context":"https:\/\/schema.org","@graph":[{"@type":"WebPage","@id":"https:\/\/agromark.es\/en\/cookies-policy\/","url":"https:\/\/agromark.es\/en\/cookies-policy\/","name":"Cookies Policy - Agromark","isPartOf":{"@id":"https:\/\/agromark.es\/#website"},"datePublished":"2016-11-02T09:10:48+00:00","dateModified":"2016-11-20T13:30:55+00:00","breadcrumb":{"@id":"https:\/\/agromark.es\/en\/cookies-policy\/#breadcrumb"},"inLanguage":"en-US","potentialAction":[{"@type":"ReadAction","target":["https:\/\/agromark.es\/en\/cookies-policy\/"]}]},{"@type":"BreadcrumbList","@id":"https:\/\/agromark.es\/en\/cookies-policy\/#breadcrumb","itemListElement":[{"@type":"ListItem","position":1,"name":"Portada","item":"https:\/\/agromark.es\/en\/"},{"@type":"ListItem","position":2,"name":"Cookies Policy"}]},{"@type":"WebSite","@id":"https:\/\/agromark.es\/#website","url":"https:\/\/agromark.es\/","name":"Agromark","description":"S\u00f3lo otro sitio de WordPress","potentialAction":[{"@type":"SearchAction","target":{"@type":"EntryPoint","urlTemplate":"https:\/\/agromark.es\/?s={search_term_string}"},"query-input":{"@type":"PropertyValueSpecification","valueRequired":true,"valueName":"search_term_string"}}],"inLanguage":"en-US"}]}},"_links":{"self":[{"href":"https:\/\/agromark.es\/en\/wp-json\/wp\/v2\/pages\/1118","targetHints":{"allow":["GET"]}}],"collection":[{"href":"https:\/\/agromark.es\/en\/wp-json\/wp\/v2\/pages"}],"about":[{"href":"https:\/\/agromark.es\/en\/wp-json\/wp\/v2\/types\/page"}],"author":[{"embeddable":true,"href":"https:\/\/agromark.es\/en\/wp-json\/wp\/v2\/users\/1"}],"replies":[{"embeddable":true,"href":"https:\/\/agromark.es\/en\/wp-json\/wp\/v2\/comments?post=1118"}],"version-history":[{"count":0,"href":"https:\/\/agromark.es\/en\/wp-json\/wp\/v2\/pages\/1118\/revisions"}],"wp:attachment":[{"href":"https:\/\/agromark.es\/en\/wp-json\/wp\/v2\/media?parent=1118"}],"curies":[{"name":"wp","href":"https:\/\/api.w.org\/{rel}","templated":true}]}}